{"id":60,"date":"2018-04-09T14:55:11","date_gmt":"2018-04-09T12:55:11","guid":{"rendered":"http:\/\/dev.klaretaal.de\/?page_id=60"},"modified":"2018-09-13T11:43:09","modified_gmt":"2018-09-13T09:43:09","slug":"agb","status":"publish","type":"page","link":"https:\/\/klaretaal.school\/de\/agb\/","title":{"rendered":"AGB"},"content":{"rendered":"<p><strong>Vertragsgegenstand<\/strong><br \/>\n<em>Klare Taal<\/em> bietet Firmenkunden und Privatpersonen Sprachunterricht in Niederl\u00e4ndisch an. Die nachfolgenden Bedingungen gelten f\u00fcr alle Leistungen im Rahmen des Sprachunterrichts.<\/p>\n<p><strong>Buchen<\/strong><br \/>\nDer Unterrichtsvertrag kommt verbindlich zustande, nachdem die\/der Kundin\/Kunde einen Projektvorschlag oder einen Kostenvoranschlag zur Kenntnis genommen hat und, schriftlich per E-Mail, ihr\/sein Einverst\u00e4ndnis erkl\u00e4rt hat.<\/p>\n<p><strong>Unterrichtsdauer, Dauer der<\/strong> <strong>Unterrichtsperiode<\/strong><br \/>\nEine Unterrichtseinheit dauert, wenn nicht anders vereinbart, 90 Minuten. Eine Unterrichtsperiode beginnt mit dem per E-Mail vereinbarten ersten Termin und endet wenn die vereinbarte Anzahl Unterrichtseinheiten verbraucht ist. Bei festgelegter Stundenzahl endet sie mit Ablauf der letzten vereinbarten Unterrichtseinheit. Falls kein Vertragsende vereinbart worden ist (der Unterricht findet zum Beispiel w\u00f6chentlich statt), findet, wenn nicht anders vereinbart, jeweils nach zehn Unterrichtseinheiten, eine Abrechnung des Unterrichtsabschnitts statt. Hat eine Woche vor Ablauf des vereinbarten Zeitraumes keine der Vertragsparteien den Vertrag gek\u00fcndigt, verl\u00e4ngert sich der Unterrichtsvertrag automatisch.<\/p>\n<p><strong>Absagen<\/strong><br \/>\nEin Privat-Unterrichtstermin kann bis zu 24 Stunden vor Unterrichtsbeginn per SMS absagt bzw. auf sp\u00e4ter verlegt werden. Ein Gruppenunterrichtstermin kann nur dann verlegt werden, wenn alle Teilnehmer und die Dozentin sich rechtzeitig, das heisst bis zu 24 Stunden vor dem Termin, auf einen Alternativtermin einigen. Rechtzeitig abgesagte bzw. verlegte Unterrichtseinheiten k\u00f6nnen bis zu zwei Wochen nach Ablauf der vereinbarten Unterrichtsperiode nachgeholt werden. F\u00fcr zu sp\u00e4t oder gar nicht abgesagte Unterrichtseinheiten f\u00e4llt die volle Unterrichtsgeb\u00fchr an. Diese Einheiten k\u00f6nnen nicht nachgeholt werden. Ein Unterrichtstermin kann seitens Klare Taal infolge Erkrankung der Lehrerin abgesagt werden. Ist das Nachholen des von Klare Taal abgesagten Unterrichts nicht m\u00f6glich, werden keine Unterrichts-geb\u00fchren berechnet bzw. bereits gezahlte Geb\u00fchren erstattet.<\/p>\n<p><strong>Zahlungsbedingungen<\/strong><br \/>\nRechnungen sind 14 Tage ab Rechnungsdatum f\u00e4llig. Bei Zahlungsverzug ist eine Bearbeitungspauschale in H\u00f6he von 25 Euro zu entrichten.<\/p>\n<p><strong>Urheberrecht<\/strong><br \/>\nDie Unterrichtsmaterialien sind urheberrechtlich gesch\u00fctzt und d\u00fcrfen nicht ohne Einwilligung von <em>Klare Taal<\/em> vervielf\u00e4ltigt oder verbreitet werden.<\/p>\n<p><strong>Safe Space<\/strong><br \/>\nJede\/r einzelne Unterrichtsteilnehmer\/in nimmt R\u00fccksicht auf die anderen (Unterrichtsteilnehmer\/innen, Lehrerin), behandelt sie mit Respekt und unterl\u00e4sst jedwede Diskriminierung aufgrund der in Par. 1 AGG (Allgemeines Gleichbehandlungsgesetz) aufgez\u00e4hlten Kriterien (Alter, Behinderung, ethnische Herkunft, Geschlecht, Rasse, Religion, sexuelle Identit\u00e4t, Weltanschauung). Eine Zuwiderhandlung f\u00fchrt zum Ausschluss vom Unterricht.<\/p>\n<p><strong>Erf\u00fcllungsort,<\/strong> <strong>Gerichtsstand<\/strong><br \/>\nErf\u00fcllungsort ist Berlin. Ausschlie\u00dflicher Gerichtsstand f\u00fcr alle Streitigkeiten aus und im Zusammenhang mit den Vertr\u00e4gen mit <em>Klare Taal<\/em> ist Berlin, wenn die Kundin\/der Kunde Kauffrau oder -Mann oder juristische Person des \u00f6ffentlichen Rechts ist. Ansonsten gelten die gesetzlichen Gerichtsst\u00e4nde.<\/p>\n<p><strong>Salvatorische Klausel<\/strong><br \/>\nSollte eine Bestimmung dieser Gesch\u00e4ftsbedingungen unwirksam sein oder werden, wird davon die Wirksamkeit der \u00fcbrigen Bestimmungen nicht ber\u00fchrt.<\/p>\n<p>Stand: Juli 2018<\/p>\n<p><em>Klare Taal<\/em> Niederl\u00e4ndisch Unterricht<br \/>\nInhaberin: Anne Marijn Koppen<br \/>\nAnschrift: Adalbertstra\u00dfe 9<br \/>\n10999 Berlin<\/p>\n","protected":false},"excerpt":{"rendered":"<p>Vertragsgegenstand Klare Taal bietet Firmenkunden und Privatpersonen Sprachunterricht in Niederl\u00e4ndisch an. Die nachfolgenden Bedingungen gelten f\u00fcr alle Leistungen im Rahmen des Sprachunterrichts. Buchen Der Unterrichtsvertrag kommt verbindlich zustande, nachdem die\/der Kundin\/Kunde einen Projektvorschlag oder einen Kostenvoranschlag zur Kenntnis genommen hat und, schriftlich per E-Mail, ihr\/sein Einverst\u00e4ndnis erkl\u00e4rt hat. Unterrichtsdauer, Dauer der Unterrichtsperiode Eine Unterrichtseinheit dauert, [&hellip;]<\/p>\n","protected":false},"author":1,"featured_media":0,"parent":0,"menu_order":0,"comment_status":"closed","ping_status":"closed","template":"references.php","meta":{"_acf_changed":false,"_monsterinsights_skip_tracking":false,"_monsterinsights_sitenote_active":false,"_monsterinsights_sitenote_note":"","_monsterinsights_sitenote_category":0,"footnotes":""},"class_list":["post-60","page","type-page","status-publish","hentry"],"acf":[],"yoast_head":"<!-- This site is optimized with the Yoast SEO plugin v27.4 - https:\/\/yoast.com\/product\/yoast-seo-wordpress\/ -->\n<title>AGB &#8211; Klare Taal<\/title>\n<meta name=\"description\" content=\"Die AGB von Klare Taal - Niederl\u00e4ndisch Unterricht in Berlin\" \/>\n<meta name=\"robots\" content=\"index, follow, max-snippet:-1, max-image-preview:large, max-video-preview:-1\" \/>\n<link rel=\"canonical\" href=\"https:\/\/klaretaal.school\/de\/agb\/\" \/>\n<meta property=\"og:locale\" content=\"de_DE\" \/>\n<meta property=\"og:type\" content=\"article\" \/>\n<meta property=\"og:title\" content=\"AGB &#8211; Klare Taal\" \/>\n<meta property=\"og:description\" content=\"Die AGB von Klare Taal - Niederl\u00e4ndisch Unterricht in Berlin\" \/>\n<meta property=\"og:url\" content=\"https:\/\/klaretaal.school\/de\/agb\/\" \/>\n<meta property=\"og:site_name\" content=\"Klare Taal\" \/>\n<meta property=\"article:publisher\" content=\"https:\/\/www.facebook.com\/profile.php?id=100005605996564\" \/>\n<meta property=\"article:modified_time\" content=\"2018-09-13T09:43:09+00:00\" \/>\n<meta name=\"twitter:card\" content=\"summary_large_image\" \/>\n<meta name=\"twitter:label1\" content=\"Gesch\u00e4tzte Lesezeit\" \/>\n\t<meta name=\"twitter:data1\" content=\"2\u00a0Minuten\" \/>\n<script type=\"application\/ld+json\" class=\"yoast-schema-graph\">{\"@context\":\"https:\\\/\\\/schema.org\",\"@graph\":[{\"@type\":\"WebPage\",\"@id\":\"https:\\\/\\\/klaretaal.school\\\/de\\\/agb\\\/\",\"url\":\"https:\\\/\\\/klaretaal.school\\\/de\\\/agb\\\/\",\"name\":\"AGB &#8211; Klare Taal\",\"isPartOf\":{\"@id\":\"https:\\\/\\\/klaretaal.school\\\/de\\\/#website\"},\"datePublished\":\"2018-04-09T12:55:11+00:00\",\"dateModified\":\"2018-09-13T09:43:09+00:00\",\"description\":\"Die AGB von Klare Taal - Niederl\u00e4ndisch Unterricht in Berlin\",\"breadcrumb\":{\"@id\":\"https:\\\/\\\/klaretaal.school\\\/de\\\/agb\\\/#breadcrumb\"},\"inLanguage\":\"de\",\"potentialAction\":[{\"@type\":\"ReadAction\",\"target\":[\"https:\\\/\\\/klaretaal.school\\\/de\\\/agb\\\/\"]}]},{\"@type\":\"BreadcrumbList\",\"@id\":\"https:\\\/\\\/klaretaal.school\\\/de\\\/agb\\\/#breadcrumb\",\"itemListElement\":[{\"@type\":\"ListItem\",\"position\":1,\"name\":\"Home\",\"item\":\"https:\\\/\\\/klaretaal.school\\\/de\\\/\"},{\"@type\":\"ListItem\",\"position\":2,\"name\":\"AGB\"}]},{\"@type\":\"WebSite\",\"@id\":\"https:\\\/\\\/klaretaal.school\\\/de\\\/#website\",\"url\":\"https:\\\/\\\/klaretaal.school\\\/de\\\/\",\"name\":\"Klare Taal\",\"description\":\"Niederl\u00e4ndisch Unterricht in Utrecht, in Berlin und online\",\"potentialAction\":[{\"@type\":\"SearchAction\",\"target\":{\"@type\":\"EntryPoint\",\"urlTemplate\":\"https:\\\/\\\/klaretaal.school\\\/de\\\/?s={search_term_string}\"},\"query-input\":{\"@type\":\"PropertyValueSpecification\",\"valueRequired\":true,\"valueName\":\"search_term_string\"}}],\"inLanguage\":\"de\"}]}<\/script>\n<!-- \/ Yoast SEO plugin. -->","yoast_head_json":{"title":"AGB &#8211; Klare Taal","description":"Die AGB von Klare Taal - Niederl\u00e4ndisch Unterricht in Berlin","robots":{"index":"index","follow":"follow","max-snippet":"max-snippet:-1","max-image-preview":"max-image-preview:large","max-video-preview":"max-video-preview:-1"},"canonical":"https:\/\/klaretaal.school\/de\/agb\/","og_locale":"de_DE","og_type":"article","og_title":"AGB &#8211; Klare Taal","og_description":"Die AGB von Klare Taal - Niederl\u00e4ndisch Unterricht in Berlin","og_url":"https:\/\/klaretaal.school\/de\/agb\/","og_site_name":"Klare Taal","article_publisher":"https:\/\/www.facebook.com\/profile.php?id=100005605996564","article_modified_time":"2018-09-13T09:43:09+00:00","twitter_card":"summary_large_image","twitter_misc":{"Gesch\u00e4tzte Lesezeit":"2\u00a0Minuten"},"schema":{"@context":"https:\/\/schema.org","@graph":[{"@type":"WebPage","@id":"https:\/\/klaretaal.school\/de\/agb\/","url":"https:\/\/klaretaal.school\/de\/agb\/","name":"AGB &#8211; Klare Taal","isPartOf":{"@id":"https:\/\/klaretaal.school\/de\/#website"},"datePublished":"2018-04-09T12:55:11+00:00","dateModified":"2018-09-13T09:43:09+00:00","description":"Die AGB von Klare Taal - Niederl\u00e4ndisch Unterricht in Berlin","breadcrumb":{"@id":"https:\/\/klaretaal.school\/de\/agb\/#breadcrumb"},"inLanguage":"de","potentialAction":[{"@type":"ReadAction","target":["https:\/\/klaretaal.school\/de\/agb\/"]}]},{"@type":"BreadcrumbList","@id":"https:\/\/klaretaal.school\/de\/agb\/#breadcrumb","itemListElement":[{"@type":"ListItem","position":1,"name":"Home","item":"https:\/\/klaretaal.school\/de\/"},{"@type":"ListItem","position":2,"name":"AGB"}]},{"@type":"WebSite","@id":"https:\/\/klaretaal.school\/de\/#website","url":"https:\/\/klaretaal.school\/de\/","name":"Klare Taal","description":"Niederl\u00e4ndisch Unterricht in Utrecht, in Berlin und online","potentialAction":[{"@type":"SearchAction","target":{"@type":"EntryPoint","urlTemplate":"https:\/\/klaretaal.school\/de\/?s={search_term_string}"},"query-input":{"@type":"PropertyValueSpecification","valueRequired":true,"valueName":"search_term_string"}}],"inLanguage":"de"}]}},"_links":{"self":[{"href":"https:\/\/klaretaal.school\/de\/wp-json\/wp\/v2\/pages\/60","targetHints":{"allow":["GET"]}}],"collection":[{"href":"https:\/\/klaretaal.school\/de\/wp-json\/wp\/v2\/pages"}],"about":[{"href":"https:\/\/klaretaal.school\/de\/wp-json\/wp\/v2\/types\/page"}],"author":[{"embeddable":true,"href":"https:\/\/klaretaal.school\/de\/wp-json\/wp\/v2\/users\/1"}],"replies":[{"embeddable":true,"href":"https:\/\/klaretaal.school\/de\/wp-json\/wp\/v2\/comments?post=60"}],"version-history":[{"count":13,"href":"https:\/\/klaretaal.school\/de\/wp-json\/wp\/v2\/pages\/60\/revisions"}],"predecessor-version":[{"id":255,"href":"https:\/\/klaretaal.school\/de\/wp-json\/wp\/v2\/pages\/60\/revisions\/255"}],"wp:attachment":[{"href":"https:\/\/klaretaal.school\/de\/wp-json\/wp\/v2\/media?parent=60"}],"curies":[{"name":"wp","href":"https:\/\/api.w.org\/{rel}","templated":true}]}}