{"id":15,"date":"2018-04-09T14:40:20","date_gmt":"2018-04-09T12:40:20","guid":{"rendered":"http:\/\/dev.klaretaal.de\/?page_id=15"},"modified":"2023-02-07T19:49:55","modified_gmt":"2023-02-07T18:49:55","slug":"dozentin","status":"publish","type":"page","link":"https:\/\/klaretaal.school\/de\/dozentin\/","title":{"rendered":"Dozentin"},"content":{"rendered":"<p><strong>Anne Marijn Koppen (1985, Hengelo, Niederlande) arbeitet seit 2012 als Niederl\u00e4ndisch-Dozentin in Berlin. Mit 15 erlebte sie ihre sprachliche Feuertaufe; Sie verbrachte ein Jahr in Nagoya, Japan und lernte dort Japanisch \u2013 nicht aus einem Buch, sondern mit H\u00e4nden und F\u00fc\u00dfen; zeigen, fragen, nachahmen.<\/strong><\/p>\n<p>Nach ihrem Abschluss an der Gerrit Rietveld Academie in Amsterdam (Thema: Sprache als Werkzeug) lebte Anne Marijn in Paris, an verschiedenen Orten in Japan und in Berlin. Sie arbeitete als Niederl\u00e4ndisch Dozentin, schrieb \u00fcber Didaktik und leitete k\u00fcnstlerische und soziale Projekte mit Jugendlichen. In Berlin legte sie den Schwerpunkt auf den Niederl\u00e4ndisch-Unterricht und gr\u00fcndete die Niederl\u00e4ndisch-Sprachschule Klare Taal, was Klartext oder klare Sprache bedeutet.<\/p>\n<p>Anne Marijn: \u201eF\u00fcr mich ist es wichtig, jeden Studenten mit der passenden Lehrmethode zu versorgen. Ich erstelle deshalb f\u00fcr jeden Studenten eigene, ma\u00dfgeschneiderte Unterrichtsmaterialien und w\u00e4hle passende Texte und Videos aus. Gerade diese ma\u00dfgeschneiderte Arbeit macht mir sehr viel Spa\u00df. Au\u00dferdem lerne ich selber nie aus, weil sich w\u00e4hrend des Unterrichts immer wieder neue Fragen stellen.<\/p>\n<p><strong>Mir ist wichtig, dass meine Studenten Spa\u00df am Lernen haben, den Stoff kritisch und kreativ untersuchen und ihn auf diese Weise verinnerlichen. So k\u00f6nnen sie sich mit der Zeit immer selbstbewusster ausdr\u00fccken.\u201c<\/strong><\/p>\n<p>Susan, Studentin: \u201eDefinitiv zu empfehlen! Ich habe spontan einen Job in den Niederlanden bekommen und hatte zwei Wochen Zeit, mich sprachlich darauf vorzubereiten. Bis dahin kannte ich Sprachunterricht nur aus der Schule und war gespannt, wie effektiv Privatunterricht ist. Was ich in dem Intensivkurs bei Klare Taal innerhalb von f\u00fcnf Tagen gelernt habe, hat meine Erwartungen bei Weitem \u00fcbertroffen. Anne Marijn versteht es, die Leute mit ihrer sympathischen Art f\u00fcr die Sprache zu motivieren. Ihre Lernmaterialien sind witzig und sehr liebevoll gestaltet. Anne Marijn ist super flexibel bei der Vereinbarung von Unterrichtsterminen und hat es geschafft, mich voll und ganz f\u00fcr die Sprache zu begeistern!\u201c Weitere Erfahrungsberichte findest du unter &#8218;Referenzen&#8216; und auf Google+.<\/p>\n<p>Anne Marijn erhielt Stipendien des Goethe Instituts Amsterdam und des Erasmus Young Entrepreneurs Programms. Au\u00dfer Niederl\u00e4ndisch spricht sie flie\u00dfend Deutsch, Englisch und Japanisch.<\/p>\n","protected":false},"excerpt":{"rendered":"<p>Anne Marijn Koppen (1985, Hengelo, Niederlande) arbeitet seit 2012 als Niederl\u00e4ndisch-Dozentin in Berlin. Mit 15 erlebte sie ihre sprachliche Feuertaufe; Sie verbrachte ein Jahr in Nagoya, Japan und lernte dort Japanisch \u2013 nicht aus einem Buch, sondern mit H\u00e4nden und F\u00fc\u00dfen; zeigen, fragen, nachahmen. Nach ihrem Abschluss an der Gerrit Rietveld Academie in Amsterdam (Thema: [&hellip;]<\/p>\n","protected":false},"author":1,"featured_media":43,"parent":0,"menu_order":0,"comment_status":"closed","ping_status":"closed","template":"","meta":{"_acf_changed":false,"_monsterinsights_skip_tracking":false,"_monsterinsights_sitenote_active":false,"_monsterinsights_sitenote_note":"","_monsterinsights_sitenote_category":0,"footnotes":""},"class_list":["post-15","page","type-page","status-publish","has-post-thumbnail","hentry"],"acf":[],"yoast_head":"<!-- This site is optimized with the Yoast SEO plugin v27.4 - https:\/\/yoast.com\/product\/yoast-seo-wordpress\/ -->\n<title>Dozentin &#8211; Klare Taal<\/title>\n<meta name=\"description\" content=\"Zala, Studentin, \u00fcber die Niederl\u00e4ndisch-Dozentin: &quot;Anne Marijn ist eine engagierte Dozentin; ihre Begeisterung f\u00fcr die Sprache \u00fcbertr\u00e4gt sich auf einen.&quot;\" \/>\n<meta name=\"robots\" content=\"index, follow, max-snippet:-1, max-image-preview:large, max-video-preview:-1\" \/>\n<link rel=\"canonical\" href=\"https:\/\/klaretaal.school\/de\/dozentin\/\" \/>\n<meta property=\"og:locale\" content=\"de_DE\" \/>\n<meta property=\"og:type\" content=\"article\" \/>\n<meta property=\"og:title\" content=\"Dozentin &#8211; Klare Taal\" \/>\n<meta property=\"og:description\" content=\"Zala, Studentin, \u00fcber die Niederl\u00e4ndisch-Dozentin: &quot;Anne Marijn ist eine engagierte Dozentin; ihre Begeisterung f\u00fcr die Sprache \u00fcbertr\u00e4gt sich auf einen.&quot;\" \/>\n<meta property=\"og:url\" content=\"https:\/\/klaretaal.school\/de\/dozentin\/\" \/>\n<meta property=\"og:site_name\" content=\"Klare Taal\" \/>\n<meta property=\"article:publisher\" content=\"https:\/\/www.facebook.com\/profile.php?id=100005605996564\" \/>\n<meta property=\"article:modified_time\" content=\"2023-02-07T18:49:55+00:00\" \/>\n<meta property=\"og:image\" content=\"https:\/\/klaretaal.school\/wp-content\/uploads\/2018\/04\/niederlaendisch-unterricht-berlin-01.jpeg\" \/>\n\t<meta property=\"og:image:width\" content=\"1200\" \/>\n\t<meta property=\"og:image:height\" content=\"800\" \/>\n\t<meta property=\"og:image:type\" content=\"image\/jpeg\" \/>\n<meta name=\"twitter:card\" content=\"summary_large_image\" \/>\n<meta name=\"twitter:label1\" content=\"Gesch\u00e4tzte Lesezeit\" \/>\n\t<meta name=\"twitter:data1\" content=\"2\u00a0Minuten\" \/>\n<script type=\"application\/ld+json\" class=\"yoast-schema-graph\">{\"@context\":\"https:\\\/\\\/schema.org\",\"@graph\":[{\"@type\":\"WebPage\",\"@id\":\"https:\\\/\\\/klaretaal.school\\\/de\\\/dozentin\\\/\",\"url\":\"https:\\\/\\\/klaretaal.school\\\/de\\\/dozentin\\\/\",\"name\":\"Dozentin &#8211; Klare Taal\",\"isPartOf\":{\"@id\":\"https:\\\/\\\/klaretaal.school\\\/de\\\/#website\"},\"primaryImageOfPage\":{\"@id\":\"https:\\\/\\\/klaretaal.school\\\/de\\\/dozentin\\\/#primaryimage\"},\"image\":{\"@id\":\"https:\\\/\\\/klaretaal.school\\\/de\\\/dozentin\\\/#primaryimage\"},\"thumbnailUrl\":\"https:\\\/\\\/klaretaal.school\\\/wp-content\\\/uploads\\\/2018\\\/04\\\/niederlaendisch-unterricht-berlin-01.jpeg\",\"datePublished\":\"2018-04-09T12:40:20+00:00\",\"dateModified\":\"2023-02-07T18:49:55+00:00\",\"description\":\"Zala, Studentin, \u00fcber die Niederl\u00e4ndisch-Dozentin: \\\"Anne Marijn ist eine engagierte Dozentin; ihre Begeisterung f\u00fcr die Sprache \u00fcbertr\u00e4gt sich auf einen.\\\"\",\"breadcrumb\":{\"@id\":\"https:\\\/\\\/klaretaal.school\\\/de\\\/dozentin\\\/#breadcrumb\"},\"inLanguage\":\"de\",\"potentialAction\":[{\"@type\":\"ReadAction\",\"target\":[\"https:\\\/\\\/klaretaal.school\\\/de\\\/dozentin\\\/\"]}]},{\"@type\":\"ImageObject\",\"inLanguage\":\"de\",\"@id\":\"https:\\\/\\\/klaretaal.school\\\/de\\\/dozentin\\\/#primaryimage\",\"url\":\"https:\\\/\\\/klaretaal.school\\\/wp-content\\\/uploads\\\/2018\\\/04\\\/niederlaendisch-unterricht-berlin-01.jpeg\",\"contentUrl\":\"https:\\\/\\\/klaretaal.school\\\/wp-content\\\/uploads\\\/2018\\\/04\\\/niederlaendisch-unterricht-berlin-01.jpeg\",\"width\":1200,\"height\":800},{\"@type\":\"BreadcrumbList\",\"@id\":\"https:\\\/\\\/klaretaal.school\\\/de\\\/dozentin\\\/#breadcrumb\",\"itemListElement\":[{\"@type\":\"ListItem\",\"position\":1,\"name\":\"Home\",\"item\":\"https:\\\/\\\/klaretaal.school\\\/de\\\/\"},{\"@type\":\"ListItem\",\"position\":2,\"name\":\"Dozentin\"}]},{\"@type\":\"WebSite\",\"@id\":\"https:\\\/\\\/klaretaal.school\\\/de\\\/#website\",\"url\":\"https:\\\/\\\/klaretaal.school\\\/de\\\/\",\"name\":\"Klare Taal\",\"description\":\"Niederl\u00e4ndisch Unterricht in Utrecht, in Berlin und online\",\"potentialAction\":[{\"@type\":\"SearchAction\",\"target\":{\"@type\":\"EntryPoint\",\"urlTemplate\":\"https:\\\/\\\/klaretaal.school\\\/de\\\/?s={search_term_string}\"},\"query-input\":{\"@type\":\"PropertyValueSpecification\",\"valueRequired\":true,\"valueName\":\"search_term_string\"}}],\"inLanguage\":\"de\"}]}<\/script>\n<!-- \/ Yoast SEO plugin. -->","yoast_head_json":{"title":"Dozentin &#8211; Klare Taal","description":"Zala, Studentin, \u00fcber die Niederl\u00e4ndisch-Dozentin: \"Anne Marijn ist eine engagierte Dozentin; ihre Begeisterung f\u00fcr die Sprache \u00fcbertr\u00e4gt sich auf einen.\"","robots":{"index":"index","follow":"follow","max-snippet":"max-snippet:-1","max-image-preview":"max-image-preview:large","max-video-preview":"max-video-preview:-1"},"canonical":"https:\/\/klaretaal.school\/de\/dozentin\/","og_locale":"de_DE","og_type":"article","og_title":"Dozentin &#8211; Klare Taal","og_description":"Zala, Studentin, \u00fcber die Niederl\u00e4ndisch-Dozentin: \"Anne Marijn ist eine engagierte Dozentin; ihre Begeisterung f\u00fcr die Sprache \u00fcbertr\u00e4gt sich auf einen.\"","og_url":"https:\/\/klaretaal.school\/de\/dozentin\/","og_site_name":"Klare Taal","article_publisher":"https:\/\/www.facebook.com\/profile.php?id=100005605996564","article_modified_time":"2023-02-07T18:49:55+00:00","og_image":[{"width":1200,"height":800,"url":"https:\/\/klaretaal.school\/wp-content\/uploads\/2018\/04\/niederlaendisch-unterricht-berlin-01.jpeg","type":"image\/jpeg"}],"twitter_card":"summary_large_image","twitter_misc":{"Gesch\u00e4tzte Lesezeit":"2\u00a0Minuten"},"schema":{"@context":"https:\/\/schema.org","@graph":[{"@type":"WebPage","@id":"https:\/\/klaretaal.school\/de\/dozentin\/","url":"https:\/\/klaretaal.school\/de\/dozentin\/","name":"Dozentin &#8211; Klare Taal","isPartOf":{"@id":"https:\/\/klaretaal.school\/de\/#website"},"primaryImageOfPage":{"@id":"https:\/\/klaretaal.school\/de\/dozentin\/#primaryimage"},"image":{"@id":"https:\/\/klaretaal.school\/de\/dozentin\/#primaryimage"},"thumbnailUrl":"https:\/\/klaretaal.school\/wp-content\/uploads\/2018\/04\/niederlaendisch-unterricht-berlin-01.jpeg","datePublished":"2018-04-09T12:40:20+00:00","dateModified":"2023-02-07T18:49:55+00:00","description":"Zala, Studentin, \u00fcber die Niederl\u00e4ndisch-Dozentin: \"Anne Marijn ist eine engagierte Dozentin; ihre Begeisterung f\u00fcr die Sprache \u00fcbertr\u00e4gt sich auf einen.\"","breadcrumb":{"@id":"https:\/\/klaretaal.school\/de\/dozentin\/#breadcrumb"},"inLanguage":"de","potentialAction":[{"@type":"ReadAction","target":["https:\/\/klaretaal.school\/de\/dozentin\/"]}]},{"@type":"ImageObject","inLanguage":"de","@id":"https:\/\/klaretaal.school\/de\/dozentin\/#primaryimage","url":"https:\/\/klaretaal.school\/wp-content\/uploads\/2018\/04\/niederlaendisch-unterricht-berlin-01.jpeg","contentUrl":"https:\/\/klaretaal.school\/wp-content\/uploads\/2018\/04\/niederlaendisch-unterricht-berlin-01.jpeg","width":1200,"height":800},{"@type":"BreadcrumbList","@id":"https:\/\/klaretaal.school\/de\/dozentin\/#breadcrumb","itemListElement":[{"@type":"ListItem","position":1,"name":"Home","item":"https:\/\/klaretaal.school\/de\/"},{"@type":"ListItem","position":2,"name":"Dozentin"}]},{"@type":"WebSite","@id":"https:\/\/klaretaal.school\/de\/#website","url":"https:\/\/klaretaal.school\/de\/","name":"Klare Taal","description":"Niederl\u00e4ndisch Unterricht in Utrecht, in Berlin und online","potentialAction":[{"@type":"SearchAction","target":{"@type":"EntryPoint","urlTemplate":"https:\/\/klaretaal.school\/de\/?s={search_term_string}"},"query-input":{"@type":"PropertyValueSpecification","valueRequired":true,"valueName":"search_term_string"}}],"inLanguage":"de"}]}},"_links":{"self":[{"href":"https:\/\/klaretaal.school\/de\/wp-json\/wp\/v2\/pages\/15","targetHints":{"allow":["GET"]}}],"collection":[{"href":"https:\/\/klaretaal.school\/de\/wp-json\/wp\/v2\/pages"}],"about":[{"href":"https:\/\/klaretaal.school\/de\/wp-json\/wp\/v2\/types\/page"}],"author":[{"embeddable":true,"href":"https:\/\/klaretaal.school\/de\/wp-json\/wp\/v2\/users\/1"}],"replies":[{"embeddable":true,"href":"https:\/\/klaretaal.school\/de\/wp-json\/wp\/v2\/comments?post=15"}],"version-history":[{"count":5,"href":"https:\/\/klaretaal.school\/de\/wp-json\/wp\/v2\/pages\/15\/revisions"}],"predecessor-version":[{"id":105,"href":"https:\/\/klaretaal.school\/de\/wp-json\/wp\/v2\/pages\/15\/revisions\/105"}],"wp:featuredmedia":[{"embeddable":true,"href":"https:\/\/klaretaal.school\/de\/wp-json\/wp\/v2\/media\/43"}],"wp:attachment":[{"href":"https:\/\/klaretaal.school\/de\/wp-json\/wp\/v2\/media?parent=15"}],"curies":[{"name":"wp","href":"https:\/\/api.w.org\/{rel}","templated":true}]}}